{"id":1463,"date":"2024-09-21T09:11:31","date_gmt":"2024-09-21T07:11:31","guid":{"rendered":"https:\/\/meteobridel.lu\/?page_id=1463"},"modified":"2024-09-21T09:18:59","modified_gmt":"2024-09-21T07:18:59","slug":"news","status":"publish","type":"page","link":"https:\/\/meteobridel.lu\/?page_id=1463","title":{"rendered":"News"},"content":{"rendered":"<h2 style=\"text-align: center;\"><strong><span style=\"background-color: #ffffff;\">Blitzortung Meteobridel.<\/span><\/strong><\/h2>\n<p style=\"text-align: center;\">Bearbeitet: 09\/21\/2024<br \/>\n<a href=\"https:\/\/www.blitzortung.org\/\"><img loading=\"lazy\" decoding=\"async\" class=\"aligncenter wp-image-1474 size-full\" src=\"https:\/\/meteobridel.lu\/wp-content\/uploads\/2024\/09\/Blitzortung-projektbeschreibung.jpg\" alt=\"\" width=\"988\" height=\"676\" srcset=\"https:\/\/meteobridel.lu\/wp-content\/uploads\/2024\/09\/Blitzortung-projektbeschreibung.jpg 988w, https:\/\/meteobridel.lu\/wp-content\/uploads\/2024\/09\/Blitzortung-projektbeschreibung-300x205.jpg 300w, https:\/\/meteobridel.lu\/wp-content\/uploads\/2024\/09\/Blitzortung-projektbeschreibung-768x525.jpg 768w\" sizes=\"auto, (max-width: 988px) 100vw, 988px\" \/><\/a><\/p>\n<p style=\"text-align: center;\">Seit dem 20.09.2024 l\u00e4uft bei Meteobridel wieder eine Blitzortung..<\/p>\n<p style=\"text-align: center;\">Es handelt sich hierbei um das System Blue mini.<\/p>\n<p style=\"text-align: center;\">Im Bild sehen sie die Antenneneinheit bestehend aus 2 x Ferritantennen von 20 cm l\u00e4nge.<\/p>\n<p style=\"text-align: center;\">Diese Antennen sind gegen St\u00f6rungen Abgeschirmt\u00a0 und sind unter dem Dachfirst angebracht.<\/p>\n<p style=\"text-align: center;\">In dem Geh\u00e4use befindet sich der Antennenverst\u00e4rker mit Platine wo per Netzwerkkabel die Verbindung zum Controller hergetellt wird.<\/p>\n<p><img loading=\"lazy\" decoding=\"async\" class=\"aligncenter wp-image-1465 size-large\" src=\"https:\/\/meteobridel.lu\/wp-content\/uploads\/2024\/09\/Blitzantenne-948x1024.jpg\" alt=\"\" width=\"750\" height=\"810\" srcset=\"https:\/\/meteobridel.lu\/wp-content\/uploads\/2024\/09\/Blitzantenne-948x1024.jpg 948w, https:\/\/meteobridel.lu\/wp-content\/uploads\/2024\/09\/Blitzantenne-278x300.jpg 278w, https:\/\/meteobridel.lu\/wp-content\/uploads\/2024\/09\/Blitzantenne-768x830.jpg 768w, https:\/\/meteobridel.lu\/wp-content\/uploads\/2024\/09\/Blitzantenne.jpg 1058w\" sizes=\"auto, (max-width: 750px) 100vw, 750px\" \/><\/p>\n<hr \/>\n<p style=\"text-align: center;\">Im Bild der Preamplifier PCB 23.1<\/p>\n<p><img loading=\"lazy\" decoding=\"async\" class=\"size-thumbnail wp-image-1466 aligncenter\" src=\"https:\/\/meteobridel.lu\/wp-content\/uploads\/2024\/09\/PCB-23.1-Preamplifier-150x142.jpg\" alt=\"\" width=\"150\" height=\"142\" \/><\/p>\n<hr \/>\n<p>&nbsp;<\/p>\n<p style=\"text-align: center;\">Im Bild der Controller welches die Steuereinheit bildet, per GPS werden die Koordinaten eines empfangenen Blitzimpulses an eine Datenbank gesendet wo diese zb auf einer Karte angezeigt werden k\u00f6nnen, desweiteren sind an dieser Einstellungen m\u00f6glich wie st\u00e4rke der Empfangsleistung der Antennen, rausfiltern von eventuellen St\u00f6rsignalen und \u00e4hnliches.<\/p>\n<p><img loading=\"lazy\" decoding=\"async\" class=\"size-thumbnail wp-image-1467 aligncenter\" src=\"https:\/\/meteobridel.lu\/wp-content\/uploads\/2024\/09\/Blitzortungcontroller-150x150.jpg\" alt=\"\" width=\"150\" height=\"150\" \/><\/p>\n<p style=\"text-align: center;\">Je nachdem wie hoch die Leistung der Antennen eingestellt ist liegt die Ortungsentfernung\u00a0 bei 9440 km das wird aber dauernd angepasst.<\/p>\n<p><img loading=\"lazy\" decoding=\"async\" class=\"aligncenter wp-image-1468 size-medium\" src=\"https:\/\/meteobridel.lu\/wp-content\/uploads\/2024\/09\/Blitzortung-empfang-Bild1-300x213.jpg\" alt=\"\" width=\"300\" height=\"213\" srcset=\"https:\/\/meteobridel.lu\/wp-content\/uploads\/2024\/09\/Blitzortung-empfang-Bild1-300x213.jpg 300w, https:\/\/meteobridel.lu\/wp-content\/uploads\/2024\/09\/Blitzortung-empfang-Bild1-1024x727.jpg 1024w, https:\/\/meteobridel.lu\/wp-content\/uploads\/2024\/09\/Blitzortung-empfang-Bild1-768x545.jpg 768w, https:\/\/meteobridel.lu\/wp-content\/uploads\/2024\/09\/Blitzortung-empfang-Bild1.jpg 1170w\" sizes=\"auto, (max-width: 300px) 100vw, 300px\" \/><\/p>\n<p><img loading=\"lazy\" decoding=\"async\" class=\"aligncenter wp-image-1469 size-medium\" src=\"https:\/\/meteobridel.lu\/wp-content\/uploads\/2024\/09\/Blitzortung-empfang-Bild2-300x272.jpg\" alt=\"\" width=\"300\" height=\"272\" srcset=\"https:\/\/meteobridel.lu\/wp-content\/uploads\/2024\/09\/Blitzortung-empfang-Bild2-300x272.jpg 300w, https:\/\/meteobridel.lu\/wp-content\/uploads\/2024\/09\/Blitzortung-empfang-Bild2-768x697.jpg 768w, https:\/\/meteobridel.lu\/wp-content\/uploads\/2024\/09\/Blitzortung-empfang-Bild2.jpg 907w\" sizes=\"auto, (max-width: 300px) 100vw, 300px\" \/><\/p>\n<p><img loading=\"lazy\" decoding=\"async\" class=\"wp-image-1470 size-large aligncenter\" src=\"https:\/\/meteobridel.lu\/wp-content\/uploads\/2024\/09\/Blitzortungkarte-1024x693.jpg\" alt=\"\" width=\"750\" height=\"508\" srcset=\"https:\/\/meteobridel.lu\/wp-content\/uploads\/2024\/09\/Blitzortungkarte-1024x693.jpg 1024w, https:\/\/meteobridel.lu\/wp-content\/uploads\/2024\/09\/Blitzortungkarte-300x203.jpg 300w, https:\/\/meteobridel.lu\/wp-content\/uploads\/2024\/09\/Blitzortungkarte-768x520.jpg 768w, https:\/\/meteobridel.lu\/wp-content\/uploads\/2024\/09\/Blitzortungkarte.jpg 1202w\" sizes=\"auto, (max-width: 750px) 100vw, 750px\" \/><\/p>\n","protected":false},"excerpt":{"rendered":"<p>Blitzortung Meteobridel. Bearbeitet: 09\/21\/2024 Seit dem 20.09.2024 l\u00e4uft bei Meteobridel wieder eine Blitzortung.. Es handelt sich hierbei um das System Blue mini. Im Bild sehen sie die Antenneneinheit bestehend aus 2 x Ferritantennen von 20 cm l\u00e4nge. Diese Antennen sind<\/p>\n","protected":false},"author":1,"featured_media":0,"parent":0,"menu_order":0,"comment_status":"closed","ping_status":"closed","template":"","meta":{"footnotes":""},"class_list":["post-1463","page","type-page","status-publish","hentry"],"_links":{"self":[{"href":"https:\/\/meteobridel.lu\/index.php?rest_route=\/wp\/v2\/pages\/1463","targetHints":{"allow":["GET"]}}],"collection":[{"href":"https:\/\/meteobridel.lu\/index.php?rest_route=\/wp\/v2\/pages"}],"about":[{"href":"https:\/\/meteobridel.lu\/index.php?rest_route=\/wp\/v2\/types\/page"}],"author":[{"embeddable":true,"href":"https:\/\/meteobridel.lu\/index.php?rest_route=\/wp\/v2\/users\/1"}],"replies":[{"embeddable":true,"href":"https:\/\/meteobridel.lu\/index.php?rest_route=%2Fwp%2Fv2%2Fcomments&post=1463"}],"version-history":[{"count":0,"href":"https:\/\/meteobridel.lu\/index.php?rest_route=\/wp\/v2\/pages\/1463\/revisions"}],"wp:attachment":[{"href":"https:\/\/meteobridel.lu\/index.php?rest_route=%2Fwp%2Fv2%2Fmedia&parent=1463"}],"curies":[{"name":"wp","href":"https:\/\/api.w.org\/{rel}","templated":true}]}}