{"id":1514,"date":"2025-05-07T21:04:21","date_gmt":"2025-05-07T19:04:21","guid":{"rendered":"https:\/\/meteobridel.lu\/?page_id=1514"},"modified":"2025-05-07T21:45:43","modified_gmt":"2025-05-07T19:45:43","slug":"die-mamer","status":"publish","type":"page","link":"https:\/\/meteobridel.lu\/?page_id=1514","title":{"rendered":"Die Mamer"},"content":{"rendered":"<h3 style=\"text-align: center;\">Ursprung<\/h3>\n<p style=\"text-align: center;\">Die Mamer entspringt \u00f6stlich von Hivingen.<\/p>\n<p style=\"text-align: center;\">Einzugsgebiet 83,6 km2<\/p>\n<p style=\"text-align: center;\">L\u00e4nge 26,7 km<\/p>\n<p style=\"text-align: center;\">Quellh\u00f6he 333 m<\/p>\n<p style=\"text-align: center;\">M\u00fcndungsh\u00f6he 214 m<\/p>\n<p style=\"text-align: center;\">H\u00f6henunterschied Quelle bis M\u00fcndung 119 m<\/p>\n<h3 style=\"text-align: center;\">Zufl\u00fcsse<\/h3>\n<p style=\"text-align: center;\">W\u00eblleschbaach (<i>links<\/i>), 2,3 km, 1,38 km\u00b2, bei\u00a0Holzemermillen,\u00a0300\u00a0<abbr title=\"Meter \u00fcber dem Meeresspiegel\">m<\/abbr><\/p>\n<p style=\"text-align: center;\">Br\u00e4derbaach (<i>rechts<\/i>), 2,9 km, bei\u00a0Holzem,\u00a0297\u00a0<abbr title=\"Meter \u00fcber dem Meeresspiegel\">m<\/abbr><\/p>\n<p style=\"text-align: center;\">Faulbaach (<i>links<\/i>), 0,7 km (mit\u00a0<i>Meneschbach<\/i>\u00a05,3 km), in\u00a0Mamer,\u00a0285\u00a0<abbr title=\"Meter \u00fcber dem Meeresspiegel\">m<\/abbr><\/p>\n<p style=\"text-align: center;\">Kielbaach (<i>links<\/i>), 7,6 km, bei\u00a0Thillsmillen,\u00a0265\u00a0<abbr title=\"Meter \u00fcber dem Meeresspiegel\">m<\/abbr><\/p>\n<p style=\"text-align: center;\">Riedelbaach (<i>Rielbaach<\/i>) (<i>links<\/i>), 1,6 km, bei Neimaxmillen\u00a0264\u00a0<abbr title=\"Meter \u00fcber dem Meeresspiegel\">m<\/abbr><\/p>\n<p style=\"text-align: center;\">L\u00e9deleschbur (links), 1,5 km, nordnord\u00f6stlich von\u00a0Kopstal<\/p>\n<h2 style=\"text-align: center;\">Risque innondations allentours Kopstal<\/h2>\n<p><img loading=\"lazy\" decoding=\"async\" class=\"wp-image-1525 size-full aligncenter\" src=\"https:\/\/meteobridel.lu\/wp-content\/uploads\/2025\/05\/Mamer-innondations-1.png\" alt=\"\" width=\"1240\" height=\"1754\" srcset=\"https:\/\/meteobridel.lu\/wp-content\/uploads\/2025\/05\/Mamer-innondations-1.png 1240w, https:\/\/meteobridel.lu\/wp-content\/uploads\/2025\/05\/Mamer-innondations-1-212x300.png 212w, https:\/\/meteobridel.lu\/wp-content\/uploads\/2025\/05\/Mamer-innondations-1-724x1024.png 724w, https:\/\/meteobridel.lu\/wp-content\/uploads\/2025\/05\/Mamer-innondations-1-768x1086.png 768w, https:\/\/meteobridel.lu\/wp-content\/uploads\/2025\/05\/Mamer-innondations-1-1086x1536.png 1086w\" sizes=\"auto, (max-width: 1240px) 100vw, 1240px\" \/><\/p>\n<p>Bildquell: Geoportail<\/p>\n<p>Textquell: Wikipedia<\/p>\n","protected":false},"excerpt":{"rendered":"<p>Ursprung Die Mamer entspringt \u00f6stlich von Hivingen. Einzugsgebiet 83,6 km2 L\u00e4nge 26,7 km Quellh\u00f6he 333 m M\u00fcndungsh\u00f6he 214 m H\u00f6henunterschied Quelle bis M\u00fcndung 119 m Zufl\u00fcsse W\u00eblleschbaach (links), 2,3 km, 1,38 km\u00b2, bei\u00a0Holzemermillen,\u00a0300\u00a0m Br\u00e4derbaach (rechts), 2,9 km, bei\u00a0Holzem,\u00a0297\u00a0m Faulbaach (links),<\/p>\n","protected":false},"author":1,"featured_media":0,"parent":0,"menu_order":0,"comment_status":"closed","ping_status":"closed","template":"","meta":{"footnotes":""},"class_list":["post-1514","page","type-page","status-publish","hentry"],"_links":{"self":[{"href":"https:\/\/meteobridel.lu\/index.php?rest_route=\/wp\/v2\/pages\/1514","targetHints":{"allow":["GET"]}}],"collection":[{"href":"https:\/\/meteobridel.lu\/index.php?rest_route=\/wp\/v2\/pages"}],"about":[{"href":"https:\/\/meteobridel.lu\/index.php?rest_route=\/wp\/v2\/types\/page"}],"author":[{"embeddable":true,"href":"https:\/\/meteobridel.lu\/index.php?rest_route=\/wp\/v2\/users\/1"}],"replies":[{"embeddable":true,"href":"https:\/\/meteobridel.lu\/index.php?rest_route=%2Fwp%2Fv2%2Fcomments&post=1514"}],"version-history":[{"count":10,"href":"https:\/\/meteobridel.lu\/index.php?rest_route=\/wp\/v2\/pages\/1514\/revisions"}],"predecessor-version":[{"id":1528,"href":"https:\/\/meteobridel.lu\/index.php?rest_route=\/wp\/v2\/pages\/1514\/revisions\/1528"}],"wp:attachment":[{"href":"https:\/\/meteobridel.lu\/index.php?rest_route=%2Fwp%2Fv2%2Fmedia&parent=1514"}],"curies":[{"name":"wp","href":"https:\/\/api.w.org\/{rel}","templated":true}]}}