{"id":382,"date":"2017-04-29T12:09:18","date_gmt":"2017-04-29T10:09:18","guid":{"rendered":"http:\/\/meteobridel.lu\/?page_id=382"},"modified":"2022-02-28T06:25:23","modified_gmt":"2022-02-28T05:25:23","slug":"impressum","status":"publish","type":"page","link":"https:\/\/meteobridel.lu\/?page_id=382","title":{"rendered":"Impressum"},"content":{"rendered":"<p>Meteobridel<\/p>\n<div style=\"display: inline-block; width: auto; height: auto; margin: 10px; padding: 0px 10px; background: #6fe27a; box-shadow: #00a805 0px 1px 5px, #b7ffc1 0px 10px 20px inset;\">\n<div style=\"background-color: #b5f4cc; border: 1px solid #00c648; border-radius: 10px; padding: 10px;\">\n<p>Henri Nilles<br \/>\n24,rue de Luxembourg<br \/>\nL-8184 Kopstal<br \/>\nLuxemburg<\/p>\n<\/div>\n<\/div>\n<p>Email:info@meteobridel.lu<\/p>\n<p>&nbsp;<\/p>\n<p>Hiermit widerspreche ich der Nutzung meiner im Rahmen der Impressumspflicht ver\u00f6ffentlichten Kontaktdaten zur \u00dcbersendung von nicht ausdr\u00fccklich angeforderter Werbung und Informationsmaterial jeglicher Art. Rechtliche Schritte z.B. bei unverlangter Zusendung von E-Mails behalte ich mir vor.<\/p>\n<h3>Hinweis Wetterdaten<\/h3>\n<p>Unser Angebot enth\u00e4lt automatisch erfasste Wetterdaten von einer\u00a0<strong>nicht amtlich anerkannten Wetterstation<\/strong>. Diese Daten d\u00fcrfen in Anwendungen, die zum Schutz von Menschen, Tieren oder Sachwerten dienen,\u00a0<strong>keinesfalls verwendet werden<\/strong>. Wir k\u00f6nnen keine Ausk\u00fcnfte in Versicherungsangelegenheiten geben. F\u00fcr Forschungs- und Bildungszwecke stellen wir gerne Daten bei entsprechender Urhebernennung bereit.<\/p>\n<hr \/>\n<h3>Haftung f\u00fcr Inhalte<\/h3>\n<p>Als Diensteanbieter sind wir f\u00fcr eigene Inhalte auf diesen Seiten nach den allgemeinen Gesetzen verantwortlich.\u00a0 Wir sind als Diensteanbieter jedoch nicht verpflichtet, \u00fcbermittelte oder gespeicherte fremde Informationen zu \u00fcberwachen oder nach Umst\u00e4nden zu forschen, die auf eine rechtswidrige T\u00e4tigkeit hinweisen. Verpflichtungen zur Entfernung oder Sperrung der Nutzung von Informationen nach den allgemeinen Gesetzen bleiben hiervon unber\u00fchrt. Eine diesbez\u00fcgliche Haftung ist jedoch erst ab dem Zeitpunkt der Kenntnis einer konkreten Rechtsverletzung m\u00f6glich. Bei Bekanntwerden von entsprechenden Rechtsverletzungen werden wir diese Inhalte umgehend entfernen.<\/p>\n<h3>Haftung f\u00fcr Links<\/h3>\n<p>Unser Angebot enth\u00e4lt Links zu externen Webseiten Dritter, auf deren Inhalte wir keinen Einfluss haben. Deshalb k\u00f6nnen wir f\u00fcr diese fremden Inhalte auch keine Gew\u00e4hr \u00fcbernehmen. F\u00fcr die Inhalte der verlinkten Seiten ist stets der jeweilige Anbieter oder Betreiber der Seiten verantwortlich. Die verlinkten Seiten wurden zum Zeitpunkt der Verlinkung auf m\u00f6gliche Rechtsverst\u00f6\u00dfe \u00fcberpr\u00fcft. Rechtswidrige Inhalte waren zum Zeitpunkt der Verlinkung nicht erkennbar. Eine permanente inhaltliche Kontrolle der verlinkten Seiten ist jedoch ohne konkrete Anhaltspunkte einer Rechtsverletzung nicht zumutbar. Bei Bekanntwerden von Rechtsverletzungen werden wir derartige Links umgehend entfernen.<\/p>\n<h3>Urheberrecht<\/h3>\n<p>Die durch die Seitenbetreiber erstellten Inhalte und Werke auf diesen Seiten unterliegen dem Luxemburgischen Urheberrecht. Die Vervielf\u00e4ltigung, Bearbeitung, Verbreitung und jede Art der Verwertung au\u00dferhalb der Grenzen des Urheberrechtes bed\u00fcrfen der schriftlichen Zustimmung des jeweiligen Autors bzw. Erstellers. Downloads und Kopien dieser Seite sind nur f\u00fcr den privaten, nicht kommerziellen Gebrauch gestattet. Soweit die Inhalte auf dieser Seite nicht vom Betreiber erstellt wurden, werden die Urheberrechte Dritter beachtet. Insbesondere werden Inhalte Dritter als solche gekennzeichnet. Sollten Sie trotzdem auf eine Urheberrechtsverletzung aufmerksam werden, bitten wir um einen entsprechenden Hinweis. Bei Bekanntwerden von Rechtsverletzungen werden wir derartige Inhalte umgehend entfernen.<\/p>\n","protected":false},"excerpt":{"rendered":"<p>Meteobridel Henri Nilles 24,rue de Luxembourg L-8184 Kopstal Luxemburg Email:info@meteobridel.lu &nbsp; Hiermit widerspreche ich der Nutzung meiner im Rahmen der Impressumspflicht ver\u00f6ffentlichten Kontaktdaten zur \u00dcbersendung von nicht ausdr\u00fccklich angeforderter Werbung und Informationsmaterial jeglicher Art. Rechtliche Schritte z.B. bei unverlangter Zusendung<\/p>\n","protected":false},"author":1,"featured_media":0,"parent":0,"menu_order":0,"comment_status":"closed","ping_status":"closed","template":"","meta":{"footnotes":""},"class_list":["post-382","page","type-page","status-publish","hentry"],"_links":{"self":[{"href":"https:\/\/meteobridel.lu\/index.php?rest_route=\/wp\/v2\/pages\/382","targetHints":{"allow":["GET"]}}],"collection":[{"href":"https:\/\/meteobridel.lu\/index.php?rest_route=\/wp\/v2\/pages"}],"about":[{"href":"https:\/\/meteobridel.lu\/index.php?rest_route=\/wp\/v2\/types\/page"}],"author":[{"embeddable":true,"href":"https:\/\/meteobridel.lu\/index.php?rest_route=\/wp\/v2\/users\/1"}],"replies":[{"embeddable":true,"href":"https:\/\/meteobridel.lu\/index.php?rest_route=%2Fwp%2Fv2%2Fcomments&post=382"}],"version-history":[{"count":0,"href":"https:\/\/meteobridel.lu\/index.php?rest_route=\/wp\/v2\/pages\/382\/revisions"}],"wp:attachment":[{"href":"https:\/\/meteobridel.lu\/index.php?rest_route=%2Fwp%2Fv2%2Fmedia&parent=382"}],"curies":[{"name":"wp","href":"https:\/\/api.w.org\/{rel}","templated":true}]}}